{"id":530,"date":"2017-12-11T08:33:53","date_gmt":"2017-12-11T08:33:53","guid":{"rendered":"http:\/\/tourpress-min.inspirydemos.com\/?page_id=530"},"modified":"2019-08-22T13:31:33","modified_gmt":"2019-08-22T12:31:33","slug":"full-width-page","status":"publish","type":"page","link":"https:\/\/redsealiveaboard.com\/de\/full-width-page\/","title":{"rendered":"Formulare"},"content":{"rendered":"<p><strong>Formulare<\/strong><\/p>\n<p>Wir bitten unsere G\u00e4ste, 1 Monat vor Abflug ein medizinisches Formular und eine G\u00e4steinformation ausf\u00fcllen und zur\u00fccksenden.<\/p>\n<p>&nbsp;<\/p>\n<p><a href=\"https:\/\/redsealiveaboard.com\/wp-content\/uploads\/2019\/08\/Erkl\u00e4rung_Gesundheitszustand_DE.pdf\">Medizinisches Formular in Deutsch herunterladen<\/a><\/p>\n<p><a href=\"https:\/\/redsealiveaboard.com\/wp-content\/uploads\/2019\/02\/MedicalFormGB.pdf\">Medizinisches Formular in Englisch herunterladen<\/a><\/p>\n<p><a href=\"https:\/\/redsealiveaboard.com\/wp-content\/uploads\/2019\/02\/Guest-Information-Form.pdf\">Formular G\u00e4ste Information herunterladen<\/a><\/p>\n<p><a href=\"https:\/\/redsealiveaboard.com\/wp-content\/uploads\/2019\/02\/Liabilty-ReleaseEN.pdf\">Download der englischen Haftungsfreistellung <\/a><\/p>\n<p><a href=\"https:\/\/redsealiveaboard.com\/wp-content\/uploads\/2019\/08\/CheckIn_Haftung_DE.pdf\">Download der deutschen Haftungsfreistellung<\/a><\/p>\n<p><a href=\"https:\/\/redsealiveaboard.com\/wp-content\/uploads\/2019\/02\/ConEdPaperwork.pdf\">Download PADI Course Paperwork\u00a0<\/a><\/p>\n<p>&nbsp;<\/p>\n<p>Bitte sende alle ausgef\u00fcllten Formulare an: <a href=\"mailto:info@redsealiveaboard.com\">info@redsealiveaboard.com<\/a><\/p>","protected":false},"excerpt":{"rendered":"<p>Forms Please can all guests ensure they complete and return a medical form and a Guest information per person 1 month before departure. &nbsp; Download German Medical Form Download English Medical Form Download Guest Information Form Download English Liability Release Download German Liability Release Download PADI Course Paperwork\u00a0 &nbsp; Once completed please send all forms [&hellip;]<\/p>\n","protected":false},"author":150751607,"featured_media":0,"parent":0,"menu_order":0,"comment_status":"closed","ping_status":"closed","template":"page-templates\/fullwidth.php","meta":{"advanced_seo_description":"","jetpack_seo_html_title":"","jetpack_seo_noindex":false,"footnotes":""},"class_list":["post-530","page","type-page","status-publish","hentry"],"jetpack_likes_enabled":false,"jetpack_sharing_enabled":true,"jetpack_shortlink":"https:\/\/wp.me\/PaBGMf-8y","_links":{"self":[{"href":"https:\/\/redsealiveaboard.com\/de\/wp-json\/wp\/v2\/pages\/530","targetHints":{"allow":["GET"]}}],"collection":[{"href":"https:\/\/redsealiveaboard.com\/de\/wp-json\/wp\/v2\/pages"}],"about":[{"href":"https:\/\/redsealiveaboard.com\/de\/wp-json\/wp\/v2\/types\/page"}],"author":[{"embeddable":true,"href":"https:\/\/redsealiveaboard.com\/de\/wp-json\/wp\/v2\/users\/150751607"}],"replies":[{"embeddable":true,"href":"https:\/\/redsealiveaboard.com\/de\/wp-json\/wp\/v2\/comments?post=530"}],"version-history":[{"count":10,"href":"https:\/\/redsealiveaboard.com\/de\/wp-json\/wp\/v2\/pages\/530\/revisions"}],"predecessor-version":[{"id":1184,"href":"https:\/\/redsealiveaboard.com\/de\/wp-json\/wp\/v2\/pages\/530\/revisions\/1184"}],"wp:attachment":[{"href":"https:\/\/redsealiveaboard.com\/de\/wp-json\/wp\/v2\/media?parent=530"}],"curies":[{"name":"wp","href":"https:\/\/api.w.org\/{rel}","templated":true}]}}