{"id":91,"date":"2017-10-28T07:35:25","date_gmt":"2017-10-28T07:35:25","guid":{"rendered":"http:\/\/tourpress-min.inspirydemos.com\/?page_id=91"},"modified":"2017-10-28T07:35:25","modified_gmt":"2017-10-28T07:35:25","slug":"faqs-toggle-style","status":"publish","type":"page","link":"https:\/\/redsealiveaboard.com\/de\/faqs-toggle-style\/","title":{"rendered":"FAQs &#8211; Toggle Style"},"content":{"rendered":"<div class=\"qae-faqs-container qae-faqs-toggle-container\">\n\t\t\t\t\t\t<div id=\"qaef-104\" class=\"qe-faq-toggle on-your-trip payment-information reservation\">\n\t\t\t<div class=\"qe-toggle-title\">\n\t\t\t\t<h4>\n\t\t\t\t\t<i class=\"fa fa-minus-circle\"><\/i> Enthalten die Touren Fl\u00fcge?\t\t\t\t<\/h4>\n\t\t\t<\/div>\n\t\t\t<div class=\"qe-toggle-content\">\n\t\t\t\t<p>Nein, unsere Reisen beinhalten keine Fl\u00fcge. Wir beraten aber gerne bez\u00fcglich der verf\u00fcgbaren Flug Angebote oder des f\u00fcr die Gruppe am besten geeigneten Flughafens.<\/p>\n\t\t\t<\/div>\n\t\t<\/div>\n\t\t\t\t<div id=\"qaef-103\" class=\"qe-faq-toggle on-your-trip reservation weather\">\n\t\t\t<div class=\"qe-toggle-title\">\n\t\t\t\t<h4>\n\t\t\t\t\t<i class=\"fa fa-minus-circle\"><\/i> Welche Impfungen werden f\u00fcr dieses Abenteuer empfohlen?\t\t\t\t<\/h4>\n\t\t\t<\/div>\n\t\t\t<div class=\"qe-toggle-content\">\n\t\t\t\t<p>Es ist wichtig, dass Du die genauesten und aktuellsten Informationen zum Reisegesundheitszustand f\u00fcr die Region erhalten erh\u00e4ltst. Wir empfehlen hier Deinen Hausarzt aufzusuchen und sich weiter auf der Webseite des Ausw\u00e4rtigen Amtes zu informieren.<\/p>\n\t\t\t<\/div>\n\t\t<\/div>\n\t\t\t\t<div id=\"qaef-102\" class=\"qe-faq-toggle on-your-trip reservation\">\n\t\t\t<div class=\"qe-toggle-title\">\n\t\t\t\t<h4>\n\t\t\t\t\t<i class=\"fa fa-minus-circle\"><\/i> K\u00f6nnen Sie mir bei der Beantragung meines Einreisevisums behilflich sein?\t\t\t\t<\/h4>\n\t\t\t<\/div>\n\t\t\t<div class=\"qe-toggle-content\">\n\t\t\t\t<p>Visas k\u00f6nnen entweder vor Reiseantritt online bei der \u00e4gyptischen Botschaft oder bei der Ankunft, an einem der vielen Bankschalter am Flughafen erworben werden. Bitte beachte, dass einige weniger gewissenhafte Banken mehr verlangen als andere. Die Kosten f\u00fcr ein Visum betragen 25 USD (20 GBP oder 23 EUR - je nach Wechselkurs). Wenn Du es vorziehst, dass wir bei Deiner Ankunft ein Meet &amp; Greet-Visum f\u00fcr Dich arrangieren, kontaktiere uns bitte.<\/p>\n\t\t\t<\/div>\n\t\t<\/div>\n\t\t\t\t<div id=\"qaef-101\" class=\"qe-faq-toggle on-your-trip reservation weather\">\n\t\t\t<div class=\"qe-toggle-title\">\n\t\t\t\t<h4>\n\t\t\t\t\t<i class=\"fa fa-minus-circle\"><\/i> Welche Ausr\u00fcstung muss\/sollte ich f\u00fcr eines dieser Abenteuer mitnehmen?\t\t\t\t<\/h4>\n\t\t\t<\/div>\n\t\t\t<div class=\"qe-toggle-content\">\n\t\t\t\t<p>Wir empfehlen immer, eigene Tauchausr\u00fcstung mitzubringen. Wenn dies nicht m\u00f6glich ist, so haben wir gegen Geb\u00fchr viele komplette und gewarteter Set\u00b4s Leihausr\u00fcstung. Bei Bedarf dies bitte bis 14 Tage vor Tour Beginn anmelden. Preise f\u00fcr Leihequipment kannst Du hier entnehmen: https:\/\/redsealiveaboard.com\/de\/my-charlotte\/price-list\/ \nDu ben\u00f6tigst: BCD, Atemregler, Neoprenanzug, Stiefel, Flossen, Tauchcomputer, Maske und ein rotes SMB. Bitte kontaktiere Sie, wenn Du dir nicht sicher bist.<\/p>\n\t\t\t<\/div>\n\t\t<\/div>\n\t\t\t\t<div id=\"qaef-100\" class=\"qe-faq-toggle on-your-trip reservation weather\">\n\t\t\t<div class=\"qe-toggle-title\">\n\t\t\t\t<h4>\n\t\t\t\t\t<i class=\"fa fa-minus-circle\"><\/i> Sonnendeck und Einzelkabinen?\t\t\t\t<\/h4>\n\t\t\t<\/div>\n\t\t\t<div class=\"qe-toggle-content\">\n\t\t\t\t<p>Sonnendeck Kabinen sind auf Anfrage und gegen eine zus\u00e4tzliche Geb\u00fchr von \u20ac 70,- pro Person erh\u00e4ltlich (je nach Verf\u00fcgbarkeit). Einzelkabinen sind auf Anfrage gegen eine zus\u00e4tzliche Geb\u00fchr erh\u00e4ltlich (kontaktiere uns f\u00fcr Details).<\/p>\n\t\t\t<\/div>\n\t\t<\/div>\n\t\t\t\t<div id=\"qaef-83\" class=\"qe-faq-toggle on-your-trip reservation\">\n\t\t\t<div class=\"qe-toggle-title\">\n\t\t\t\t<h4>\n\t\t\t\t\t<i class=\"fa fa-minus-circle\"><\/i> Was ist mit alternativer Ern\u00e4hrung wie vegan oder vegetarisch?\t\t\t\t<\/h4>\n\t\t\t<\/div>\n\t\t\t<div class=\"qe-toggle-content\">\n\t\t\t\t<p>Unser Team von gut ausgebildeten K\u00f6chen an Bord wird sicherstellen, dass alle Anforderungen erf\u00fcllt werden. Wir k\u00fcmmern uns um Veganer, Vegetarier, Laktoseintoleranz, Glutenfrei und vieles mehr. Fragen Sie einfach. Sie erhalten jeden Tag 3 volle Mahlzeiten und zwischen den Mahlzeiten stellen wir sicher, dass immer mindestens 3 verschiedene Optionen f\u00fcr alle verf\u00fcgbar sind.<\/p>\n\t\t\t<\/div>\n\t\t<\/div>\n\t\t\t\t<div id=\"qaef-81\" class=\"qe-faq-toggle payment-information reservation\">\n\t\t\t<div class=\"qe-toggle-title\">\n\t\t\t\t<h4>\n\t\t\t\t\t<i class=\"fa fa-minus-circle\"><\/i> Tauchgruppengr\u00f6\u00dfe?\t\t\t\t<\/h4>\n\t\t\t<\/div>\n\t\t\t<div class=\"qe-toggle-content\">\n\t\t\t\t<p>Gem\u00e4\u00df den Gesetzen in \u00c4gypten, m\u00fcssen alle Taucher von einem Guide begleitet werden. Dennoch beschr\u00e4nken wir die Anzahl der Gruppen auf ein sicheres Minimum, um nicht nur die Sicherheit zu gew\u00e4hrleisten, sondern auch bessere Tauchg\u00e4nge zu erm\u00f6glichen.<\/p>\n\t\t\t<\/div>\n\t\t<\/div>\n\t\t            <\/div>","protected":false},"excerpt":{"rendered":"","protected":false},"author":150751607,"featured_media":0,"parent":0,"menu_order":0,"comment_status":"closed","ping_status":"closed","template":"page-templates\/fullwidth.php","meta":{"advanced_seo_description":"","jetpack_seo_html_title":"","jetpack_seo_noindex":false,"footnotes":""},"class_list":["post-91","page","type-page","status-publish","hentry"],"jetpack_likes_enabled":true,"jetpack_sharing_enabled":true,"jetpack_shortlink":"https:\/\/wp.me\/PaBGMf-1t","_links":{"self":[{"href":"https:\/\/redsealiveaboard.com\/de\/wp-json\/wp\/v2\/pages\/91","targetHints":{"allow":["GET"]}}],"collection":[{"href":"https:\/\/redsealiveaboard.com\/de\/wp-json\/wp\/v2\/pages"}],"about":[{"href":"https:\/\/redsealiveaboard.com\/de\/wp-json\/wp\/v2\/types\/page"}],"author":[{"embeddable":true,"href":"https:\/\/redsealiveaboard.com\/de\/wp-json\/wp\/v2\/users\/150751607"}],"replies":[{"embeddable":true,"href":"https:\/\/redsealiveaboard.com\/de\/wp-json\/wp\/v2\/comments?post=91"}],"version-history":[{"count":0,"href":"https:\/\/redsealiveaboard.com\/de\/wp-json\/wp\/v2\/pages\/91\/revisions"}],"wp:attachment":[{"href":"https:\/\/redsealiveaboard.com\/de\/wp-json\/wp\/v2\/media?parent=91"}],"curies":[{"name":"wp","href":"https:\/\/api.w.org\/{rel}","templated":true}]}}