{"id":929,"date":"2019-02-15T16:02:53","date_gmt":"2019-02-15T16:02:53","guid":{"rendered":"https:\/\/redsealiveaboard.com\/?page_id=929"},"modified":"2019-07-10T11:09:15","modified_gmt":"2019-07-10T10:09:15","slug":"adventure","status":"publish","type":"page","link":"https:\/\/redsealiveaboard.com\/de\/brothers-2-2\/adventure\/","title":{"rendered":"Abenteuer Route"},"content":{"rendered":"<p><strong>Abenteuer Route<\/strong><\/p>\n<p>&nbsp;<\/p>\n<p>Diese Reiseroute ist je nach Gruppenwunsch sehr unterschiedlich. W\u00e4hrend dieser Woche, kann die Gruppe bunt gemischt werden. Z.b. qualifizierten Tauchern und unerfahrenere Taucher oder neue Taucher in Trainingskursen, Schnorchlern, Nichttauchern und Familiengruppen.<\/p>\n<p>Die Route kann sehr abwechslungsreich sein und umfasst die n\u00f6rdlichen Riffe, Safaga, Marsa Alam, Foul Bay und s\u00fcdlich von Berenice.<\/p>\n<p>Die Hauptidee ist es, Orte mit hohen Lichtverh\u00e4ltnissen oder Riffe zu besuchen, die andere Boote nicht oft besuchen, da die Riffs klein und manchmal schwer zu leinen sind, es sei denn, das Wetter ist besonders gut.<\/p>\n<p>Riffbl\u00f6cke und Riffreihen direkt an den Hauptriffen, betauchen wir nur mit den Zodiaks. Es erwarten Dich kleine Wracks und Tauchpl\u00e4tze an der K\u00fcste zwischen den gro\u00dfen Resorts. Da die Tagesboote diese Pl\u00e4tze meiden, sind sie nicht von den t\u00e4glichen Besuchern besch\u00e4digt.<\/p>\n<p>Zum Beispiel ein Gebiet namens Guwaya, rund 2 Stunden von Safaga entfernt im offenen Meer. Dort liegen zwei gro\u00dfe Riffe, ca. 10 Minuten voneinander entfernt. Nur selten betaucht, trumpft das Riff mit sch\u00f6ne Koralleng\u00e4rten an der Au\u00dfenseite und sandige Lagunen mit kleinen H\u00f6hlenformationen. Ein Hotspot f\u00fcr sch\u00fcchterne Schildkr\u00f6ten und Adlerrochen.<\/p>\n<p>Bei unserem ersten Besuch hier, entdeckten wir einen jungen Wei\u00dfspitzenhai in einer der H\u00f6hlen in ca. 5 Metern Tiefe. Es was eine Freude \n ihn zu beobachten.<\/p>\n<p>Ebenfalls s\u00fcdlich von El Quseir, zwischen zwei gro\u00dfen Hotels ca. 10 km voneinander entfernt, sprangen wir vom Boot und genossen 70 Minuten lang an einem atemberaubenden Str\u00f6mungstauchgang dem K\u00fcstenriff entlang. Fabelhafte Hart- und Weichkorallen, gro\u00dfe Fischschw\u00e4rme von 5 bis 30 Metern- dann f\u00e4llt das Riff in das Blaue ab.<\/p>\n<p>Es gibt viele kleine Riffe und K\u00fcstentauchg\u00e4nge, die normalerweise nicht vom Land aus zug\u00e4nglich sind bzw. angeboten werden. Doch es locken gro\u00dfartige Riffe, sicher und einfach zu betauchen.<\/p>\n<p>Wenn Deine Gruppe oder Dein Tauchclub keine feste Reiseroute mit nur einem Start- und Endpunkt oder einer Liste von H\u00f6hepunkten haben m\u00f6chte, k\u00f6nnen wir auf alle Ihre Bed\u00fcrfnisse eingehen.<\/p>","protected":false},"excerpt":{"rendered":"<p>ADVENTURE WEEK, &nbsp; These itineraries are very varied depending on the groups request, very often there can be a mix of qualified divers, inexperienced or new divers on training courses, snorkelers, non divers and family groups. The route can be very varied involving the Northern reefs,\u00a0 Safaga, Marsa Alam, Foul Bay and South of Berenice. [&hellip;]<\/p>\n","protected":false},"author":150751607,"featured_media":0,"parent":923,"menu_order":0,"comment_status":"closed","ping_status":"closed","template":"","meta":{"advanced_seo_description":"","jetpack_seo_html_title":"","jetpack_seo_noindex":false,"footnotes":""},"class_list":["post-929","page","type-page","status-publish","hentry"],"jetpack_likes_enabled":true,"jetpack_sharing_enabled":true,"jetpack_shortlink":"https:\/\/wp.me\/PaBGMf-eZ","_links":{"self":[{"href":"https:\/\/redsealiveaboard.com\/de\/wp-json\/wp\/v2\/pages\/929","targetHints":{"allow":["GET"]}}],"collection":[{"href":"https:\/\/redsealiveaboard.com\/de\/wp-json\/wp\/v2\/pages"}],"about":[{"href":"https:\/\/redsealiveaboard.com\/de\/wp-json\/wp\/v2\/types\/page"}],"author":[{"embeddable":true,"href":"https:\/\/redsealiveaboard.com\/de\/wp-json\/wp\/v2\/users\/150751607"}],"replies":[{"embeddable":true,"href":"https:\/\/redsealiveaboard.com\/de\/wp-json\/wp\/v2\/comments?post=929"}],"version-history":[{"count":5,"href":"https:\/\/redsealiveaboard.com\/de\/wp-json\/wp\/v2\/pages\/929\/revisions"}],"predecessor-version":[{"id":1152,"href":"https:\/\/redsealiveaboard.com\/de\/wp-json\/wp\/v2\/pages\/929\/revisions\/1152"}],"up":[{"embeddable":true,"href":"https:\/\/redsealiveaboard.com\/de\/wp-json\/wp\/v2\/pages\/923"}],"wp:attachment":[{"href":"https:\/\/redsealiveaboard.com\/de\/wp-json\/wp\/v2\/media?parent=929"}],"curies":[{"name":"wp","href":"https:\/\/api.w.org\/{rel}","templated":true}]}}