{"id":933,"date":"2019-02-15T16:07:15","date_gmt":"2019-02-15T16:07:15","guid":{"rendered":"https:\/\/redsealiveaboard.com\/?page_id=933"},"modified":"2019-07-11T11:29:50","modified_gmt":"2019-07-11T10:29:50","slug":"brothers-daedalus-elphinstone","status":"publish","type":"page","link":"https:\/\/redsealiveaboard.com\/de\/brothers-2-2\/brothers-daedalus-elphinstone\/","title":{"rendered":"Brothers \/ Daedalus \/ Elphinstone"},"content":{"rendered":"<p><strong>Brother Islands<\/strong> (El Akhawein)<\/p>\n<p>Die Brothers Inseln sind zwei unbewohnte Inseln die ca. 800 Meter entfernt voneinander liegen, 140 Kilometer entfernt von der K\u00fcste Hurghada und ca. 60 Kilometer entfernt von der K\u00fcste \u00c4gyptens. \nDurch die meist sehr anspruchsvolle Str\u00f6mung z\u00e4hlen die Brothers Inseln zwar als einer der schwierigsten Tauchpl\u00e4tze im Roten Meer. Doch es lohnt sich, denn zeitgleich geh\u00f6ren die Brothers Inseln zu einer der besten Dive Spots weltweit!<\/p>\n<p>Das Wahrzeichen der Brothers Islands und Erbe der britischen Herrschaft- der Leuchtturm, kann bei guter Laune der K\u00fcstenwache besucht werden. Die vielen Stufen nach oben zahlen sich aus, der Blick \u00fcber das Riff bzw. \u00fcber die 400 Meter lange Insel ist atemberaubend.<\/p>\n<p>Unter Wasser bieten die *Brothers* fantastisch dicht bewachsene Steilw\u00e4nde mit farbigen Hart- und Weichkorallen. Riesige Gorgonien und F\u00e4cherkorallen filtern Nahrung aus der fast konstanten Str\u00f6mung, entlang der W\u00e4nde und des Plateaus. Neben den vielen bunten Fischarten kann man Barrakuda Schw\u00e4rme sehen, Thunfisch und Makrelenschw\u00e4rme. Hier ist es noch mit sehr grosser Wahrscheinlichkeit m\u00f6glich, allerhand Arten von Haien zu beobachten wie z.B. den grauen Riffhai, die Longimanus, Fuchshaie oder grosse Schule von Hammerhaien. Mit etwas Gl\u00fcck l\u00e4sst sich auch ein Walhai blicken.<\/p>\n<p><strong>Der gr\u00f6ssere der beiden Br\u00fcder, hat 2 Wracks zu bieten.<\/strong> Die Aida II (versenkt 1957) und die Numidia (gesunken 1901).<\/p>\n<p>Das Wrack der Aida, eines Versorgungsschiffes der Leuchtturmbeh\u00f6rde, liegt zwischen 30 und 60 Metern. Daher ist es eine perfekte Tiefe, um dieses gro\u00dfe, gut erhaltene Schiff sowie den Korallenwuchs und seine Bewohner zu bewundern. Ein weiterer Hot Spot f\u00fcr Grossfische aller Art!<\/p>\n<p>Die gekr\u00fcmmte Nase der Numidia, eines gro\u00dfen Dampfschiffes, liegt nur etwa 8 Meter in der Tiefe und ist vollst\u00e4ndig mit Korallen und Fischschw\u00e4rmen bedeckt. Man kann rund um die Au\u00dfenseite tauchen und durch die Luken blicken, um zwischen 30 und 40 Metern einen Blick auf die Motoren des Wracks zu erhalten. Aus dieser Tiefe ist der Blick nach unten auf das Heck atemberaubend.<\/p>\n<p>Etwa 800 Meter s\u00fcdlich von Big Brother haben wir den *kleinen Bruder* mit etwa 200 Metern L\u00e4nge mit beeindruckenden \u00dcberh\u00e4ngen und atemberaubenden Meereslebewesen. Es gibt einen unber\u00fchrten F\u00e4cherkorallenwald mit einer F\u00fclle von Hart- und Weichkorallen.<\/p>\n<p>Das Plateau des kleinen Bruders in etwa 40 Metern H\u00f6he ist ein Hot Spot f\u00fcr Thresher Sharks, die in der Str\u00f6mung herumkreuzen. Es ist \u00fcblich, alle Haiarten hier zu sehen, wenn Du geduldig bist. W\u00e4hrend des Sicherheitsstopps schwimmen die Oceanic White Tips (Longimanus) unter den Booten umher. Diese neugierigen Kreaturen sorgen f\u00fcr einige sehr enge Begegnungen und gro\u00dfartige Fotos.<\/p>\n<p>Im Fr\u00fchjahr und Herbst, wenn das Plankton durch den Suezkanal gesp\u00fclt wird und an den Brothers Islands vorbeif\u00fchrt, besuchen zahlreiche Manta-Rochen und manchmal auch Walhaie die Inseln.<\/p>\n<p><strong>Daedalus<\/strong><\/p>\n<p>Daedalus ist ein abgelegenes Riff, weniger als einen Kilometer breit und von einem Leuchtturm markiert, etwa 80 km vor Marsa Alam. Aufgrund seiner Abgeschiedenheit wird es nur von Tauchsafaribooten besucht. Zusammen mit seinem Status als Marine Park bedeutet dies, dass sich die Riffe in einem erstklassigen Zustand befinden und es sich um einen der beliebtesten Tauchg\u00e4nge im Roten Meer handelt. Starke Str\u00f6mungen ziehen sich von Norden nach S\u00fcden an den steilen W\u00e4nden dieses Riffes entlang. Starke Winde k\u00f6nnen zu Wellen f\u00fchren, die das Riff treffen. Die herausfordernden Bedingungen sind allerdings absolut lohnenswert.<br \/>\nDas Tauchen an der Nordspitze von Daedalus kann sehr schwer sein bei starker Str\u00f6mung da sich die Str\u00f6mung hier tendenziell aufteilt. Aber es sind genau diese Bedingungen, die und beinahe eine Grossfisch Interaktion garantieren. Schule von Hammerhaien sind vor allem in den Sommermonaten hier anzutreffen, ebenso wie Seidenhaie und andere gro\u00dfe Fische wie Mantas, Makrelen und Thunfische.<\/p>\n<p>Aufgrund der Erdrotation um die Sonne ist es am besten, die Ostwand morgens und die Westwand nachmittags zu tauchen. Beide W\u00e4nde sind dicht mit F\u00e4chern und Weichkorallen bewachsen. Jedoch ist die westliche Wand abwechslungsreicher. Ein Felsvorsprung in 10 Metern H\u00f6he beherbergt unz\u00e4hlige Anemonen und ihre Bewohner, die Anemonenfische. Es gibt einige riesige Steinkorallenformationen an der Wand und die Spalten beherbergen Mur\u00e4nen. Weiter gibt es zahlreiche Reinigungsstationen, an denen sich Lippfische um wartende Einhornfischen und Zackenbarschen k\u00fcmmern.<br \/>\nHalte im S\u00fcden des Daedalus Riffs Ausschau, nach einem besonderen Auftritt der Fuchshaie und Mantarochen.<\/p>\n<p><strong>Elphinstone:<\/strong><br \/>\nDas Elphinstone Reef ist eines der aufregendsten Tauchziele der Welt. Ein paar kleine Brecher sind das einzige sichtbare Zeichen daf\u00fcr, dass sich direkt unter der Meeresoberfl\u00e4che der Gipfel eines unterirdischen Berges befindet, der reich an bunten Korallen und Fischarten ist und das Interesse von hungrigen Barrakudas und Haien weckt.<br \/>\nDas Riff liegt im offenen Meer, etwa 12 Kilometer von der K\u00fcste entfernt, und wird von Safaribooten und Hochgeschwindigkeits-Zodiaks aus den vielen Hotels von Marsa Alam besucht. So kann morgens manchmal sehr viel los sein. Oft kann man nachmittags das Riff f\u00fcr sich haben. Dieser lange Riffstreifen hat steile W\u00e4nde an der Ost- und Westseite, die in die Tiefe abfallen. Im Norden und S\u00fcden gibt es zwei gro\u00dfe Plateaus, die beide etwa 40 Meter hoch sind, wieder mit Abh\u00e4ngen. Schnelle Str\u00f6mung ist hier normal, so dass es m\u00f6glich ist, in einem Tauchgang sowohl den Norden als auch den S\u00fcden zu besuchen. Wenn es die Bedingungen erlauben, kann man auf der Suche nach Hammer- und Riffhaien an den  Plateaus warten. Die Vielfalt der Weich- und Hartkorallen hier ist unglaublich, lebendige Farben, umgeben von orangefarbenen Fahnenbarschen. Beobachten Sie auf einer Tiefe von 10 bis 15 Metern gro\u00dfe Gruppen von Barrakudas, S\u00e4gezahn-Thunfische und manchmal Wei\u00dfspitzenhaien, die nicht selten unter den Booten kreisen. Diese Haie sind sehr neugierig auf Taucher, so dass sie h\u00e4ufig in der N\u00e4he sind. Es ist auch \u00fcblich, dass Schildkr\u00f6ten und Delfine sich an diesem gesunden Riff aufhalten.<\/p>\n<p>&nbsp;<\/p>\n<p style=\"text-align: left; color: #4b4b4b; text-transform: none; text-indent: 0px; letter-spacing: normal; font-size: 16px; font-style: normal; font-variant: normal; text-decoration: none; margin-top: 0px; margin-bottom: 10px; word-spacing: 0px; white-space: normal; orphans: 2; -webkit-text-stroke-width: 0px; background-color: transparent;\"><b>Wichtiges<\/b><b>:<br style=\"margin: 0px; padding: 0px; text-align: left; color: #4b4b4b; text-transform: none; line-height: 30px; text-indent: 0px; letter-spacing: normal; overflow: visible; font-size: 16px; font-style: normal; font-variant: normal; text-decoration: none; word-spacing: 0px; white-space: normal; word-wrap: break-word; min-height: 0px; max-width: none; orphans: 2; -webkit-text-stroke-width: 0px; background-color: transparent;\" \/><\/b><span style=\"background-color: transparent; color: #4b4b4b; display: inline; float: none; font-family: &amp;quot; rubik&amp;quot;,sans-serif; font-size: 16px; font-style: normal; font-variant: normal; font-weight: 400; letter-spacing: normal; orphans: 2; text-align: left; text-decoration: none; text-indent: 0px; text-transform: none; -webkit-text-stroke-width: 0px; white-space: normal; word-spacing: 0px;\">Das sichere Tauchen am Daedalus-Riff und an den Brothers Islands erfordert eine gewisse Taucherfahrung, insbesondere im Umgang mit Str\u00f6mungen. Wir raten daher davon ab, diese Riffe ohne ein gewisses Ma\u00df an Erfahrung zu besuchen! Im Zweifelsfall kontaktiere uns bitte!<\/span><\/p>\n<p style=\"background-color: transparent; color: #4b4b4b; font-family: &amp;quot; rubik&amp;quot;,sans-serif; font-size: 16px; font-style: normal; font-variant: normal; font-weight: 400; letter-spacing: normal; margin-bottom: 10px; margin-top: 0px; orphans: 2; text-align: left; text-decoration: none; text-indent: 0px; text-transform: none; -webkit-text-stroke-width: 0px; white-space: normal; word-spacing: 0px;\">Nachttauchen, Schnorcheln und Schwimmen sind am Daedalus-Riff und auf den Brothers Islands gesetzlich verboten.<\/p>\n<p style=\"background-color: transparent; color: #4b4b4b; font-family: &amp;quot; rubik&amp;quot;,sans-serif; font-size: 16px; font-style: normal; font-variant: normal; font-weight: 400; letter-spacing: normal; margin-bottom: 10px; margin-top: 0px; orphans: 2; text-align: left; text-decoration: none; text-indent: 0px; text-transform: none; -webkit-text-stroke-width: 0px; white-space: normal; word-spacing: 0px;\">Diese Route h\u00e4ngt von den Wind- und Wetterbedingungen ab. Der Kapit\u00e4n hat die ultimative Autorit\u00e4t dar\u00fcber.<\/p>\n<p style=\"background-color: transparent; color: #4b4b4b; font-family: &amp;quot; rubik&amp;quot;,sans-serif; font-size: 16px; font-style: normal; font-variant: normal; font-weight: 400; letter-spacing: normal; margin-bottom: 10px; margin-top: 0px; orphans: 2; text-align: left; text-decoration: none; text-indent: 0px; text-transform: none; -webkit-text-stroke-width: 0px; white-space: normal; word-spacing: 0px;\">Diese Route startet ab\/an Port Ghalib - Marsa Alam, kann aber auch mit Hurghada kombiniert werden. <span style=\"display: inline !important; float: none; background-color: transparent; color: #4b4b4b; cursor: text; font-family: 'Rubik',sans-serif; font-size: 16px; font-style: normal; font-variant: normal; font-weight: 400; letter-spacing: normal; orphans: 2; text-align: left; text-decoration: none; text-indent: 0px; text-transform: none; -webkit-text-stroke-width: 0px; white-space: normal; word-spacing: 0px;\">Port Ghalib \u2013 Marsa Alam<\/span>, but may also be combined with Hurghada.<\/p>\n<p>&nbsp;<\/p>","protected":false},"excerpt":{"rendered":"<p>Brother Islands (El Akhawein) The Brother Islands are two uninhabited islands about 800 meters apart, 140 km from Hurghada\u00a0and 60 km from the shore. Due to the usually very demanding current, the Brothers Islands count as one of the most difficult dive sites in the Red Sea, but it is worthwhile because it is one [&hellip;]<\/p>\n","protected":false},"author":150751607,"featured_media":0,"parent":923,"menu_order":0,"comment_status":"closed","ping_status":"closed","template":"","meta":{"advanced_seo_description":"","jetpack_seo_html_title":"","jetpack_seo_noindex":false,"jetpack_post_was_ever_published":false,"footnotes":""},"class_list":["post-933","page","type-page","status-publish","hentry"],"jetpack_likes_enabled":true,"jetpack_sharing_enabled":true,"jetpack_shortlink":"https:\/\/wp.me\/PaBGMf-f3","_links":{"self":[{"href":"https:\/\/redsealiveaboard.com\/de\/wp-json\/wp\/v2\/pages\/933","targetHints":{"allow":["GET"]}}],"collection":[{"href":"https:\/\/redsealiveaboard.com\/de\/wp-json\/wp\/v2\/pages"}],"about":[{"href":"https:\/\/redsealiveaboard.com\/de\/wp-json\/wp\/v2\/types\/page"}],"author":[{"embeddable":true,"href":"https:\/\/redsealiveaboard.com\/de\/wp-json\/wp\/v2\/users\/150751607"}],"replies":[{"embeddable":true,"href":"https:\/\/redsealiveaboard.com\/de\/wp-json\/wp\/v2\/comments?post=933"}],"version-history":[{"count":5,"href":"https:\/\/redsealiveaboard.com\/de\/wp-json\/wp\/v2\/pages\/933\/revisions"}],"predecessor-version":[{"id":1153,"href":"https:\/\/redsealiveaboard.com\/de\/wp-json\/wp\/v2\/pages\/933\/revisions\/1153"}],"up":[{"embeddable":true,"href":"https:\/\/redsealiveaboard.com\/de\/wp-json\/wp\/v2\/pages\/923"}],"wp:attachment":[{"href":"https:\/\/redsealiveaboard.com\/de\/wp-json\/wp\/v2\/media?parent=933"}],"curies":[{"name":"wp","href":"https:\/\/api.w.org\/{rel}","templated":true}]}}