{"id":945,"date":"2019-02-15T16:12:44","date_gmt":"2019-02-15T16:12:44","guid":{"rendered":"https:\/\/redsealiveaboard.com\/?page_id=945"},"modified":"2019-07-05T12:20:04","modified_gmt":"2019-07-05T11:20:04","slug":"south-sataya","status":"publish","type":"page","link":"https:\/\/redsealiveaboard.com\/de\/brothers-2-2\/south-sataya\/","title":{"rendered":"Fury Shoals \/ S\u00fcd Sataya"},"content":{"rendered":"<p>Shaab Sataya, auch bekannt als Dolphin Reef, befindet sich an der s\u00fcd\u00f6stlichen Spitze des Tauchgebiets Fury Shoal vor Marsa Alam. Dieses hufeisenf\u00f6rmige Riff wurde treffend nach den freundlichen S\u00e4ugetieren benannt, die regelm\u00e4\u00dfig vor Ort gesichtet werden k\u00f6nnen. Dar\u00fcber hinaus werden Sie von Wei\u00dfspitzen-Hochseehaie, F\u00fcsilieren, spanischen T\u00e4nzern und Papageienfischen in verschiedenen Tiefen von 4 bis 40 Jahren begeistert sein.<\/p>\n<p>Das Gebiet Fury Shoals liegt s\u00fcdlich von Marsa Alam zwischen dem Wadi Gamal National Park und dem Hafen von Berenice. Das Gebiet umfasst etwa 20 Riffe. Jeder bietet einen wundersch\u00f6nen Tauchgang f\u00fcr alle Erfahrungsstufen. Taucher mit weniger Erfahrung oder auf der Suche nach einem entspannten Urlaub sind auf dieser Route perfekt aufgehoben. Nichttaucher haben ausgezeichnete M\u00f6glichkeiten zum Schnorcheln und Schwimmen mit sehr hohen M\u00f6glichkeiten von Delfinen!<\/p>\n<p><strong>Shilineat\u00a0<\/strong>im Wadi Gimal ist ein Aquarium. Entlang des wundersch\u00f6nen Hartkorallengartens an der Westseite und in den vielen Bl\u00f6cken im Sandbereich neben dem Riff k\u00f6nnen Sie neben kleinen Lebewesen auch nach Tarnk\u00fcnstlern wie Tintenfisch und Steinfisch st\u00f6bern. In einer maximalen Tiefe von 16 m mit dem wei\u00dfen Sand und dem Sonnenlicht ist es atemberaubend, voller kleiner Fische und Meeresarten. Sehr oft gibt es Schildkr\u00f6ten oder Delfine.<\/p>\n<p><strong>Shaab Claudio\u00a0<\/strong>macht Spa\u00df! Dort haben Sie H\u00f6hlen, Schluchten, \u00d6ffnungen und Durchg\u00e4nge in 5m bis 16m Tiefe. Es ist einfach zu tauchen und voller Meereslebewesen. In der N\u00e4he von Shaab Claudio gibt es <strong>El Malahi<\/strong>, der Spielplatz. Die einzelnen Korallent\u00fcrme bleiben dicht beieinander und laden zum st\u00f6bern ein, um die kleinen \u00dcberh\u00e4nge und Passagen zu entdecken. Blaue F\u00fcsiliere und andere Rifffische bleiben im Sonnenlicht um die Bl\u00f6cke herrum.<\/p>\n<p><strong>Shaab Maksur<\/strong>ist ein kleines, aber langes Riff mit einem Plateau im Norden und S\u00fcden und Abh\u00e4ngen im Westen und Osten. Auf dem terrassierten Nordplateau kann man oft Delfine, Barrakudas oder Riffhaie beobachten. Das S\u00fcdplateau mit seinen gr\u00f6\u00dferen Korallenbl\u00f6cken beheimatet viele Arten.<\/p>\n<p>Der S\u00fcdostpunkt von Fury Shoals ist <strong>Shaab Sataya<\/strong>. Hufeisenf\u00f6rmig beherbergt die riesige Lagune Delfine. Ganz im S\u00fcden des Riffs befindet sich ein sch\u00f6nes flaches Plateau mit Koralleng\u00e4rten und Bl\u00f6cken, die an einem Abhang enden.<\/p>\n<p>Nachttauchgang- Freunde sollten diese Route nicht verpassen, hier ist der Zauber der Nacht in der Regel jeden Tag m\u00f6glich.<\/p>\n<p>Am Ende der Woche k\u00f6nnen wir Elphinstone besuchen, wenn es gew\u00fcnscht ist. Hier haben wir die M\u00f6glichkeit, den einen oder anderen Gro\u00dffisch oder zumindest ein bisschen Str\u00f6mungs-Action auf den wundersch\u00f6n bewachsenen W\u00e4nden von Elphinstone.<\/p>\n<p><strong>Wichtig:<\/strong><\/p>\n<p>Diese Route besticht durch die gro\u00dfe Vielfalt unterschiedlicher Riffe sowie die hervorragenden M\u00f6glichkeiten zum Schwimmen und Schnorcheln.<\/p>\n<p>Fotografen mit Liebe zum Detail, nicht zuletzt wegen einiger Wracks, werden diese Route lieben!<\/p>","protected":false},"excerpt":{"rendered":"<p>Shaab Sataya, also known as the Dolphin Reef is located at the south-eastern tip of the Fury Shoal diving area off Marsa Alam. This horseshoe shaped reef has been aptly named after the friendly mammals that can be spotted regularly on site. Additionally, you&#8217;ll be amazed by whitetips, fusiliers, Spanish dancers and parrotfish, at different [&hellip;]<\/p>\n","protected":false},"author":150751607,"featured_media":766,"parent":923,"menu_order":0,"comment_status":"closed","ping_status":"closed","template":"","meta":{"advanced_seo_description":"","jetpack_seo_html_title":"","jetpack_seo_noindex":false,"footnotes":""},"class_list":["post-945","page","type-page","status-publish","has-post-thumbnail","hentry"],"jetpack_likes_enabled":true,"jetpack_sharing_enabled":true,"jetpack_shortlink":"https:\/\/wp.me\/PaBGMf-ff","_links":{"self":[{"href":"https:\/\/redsealiveaboard.com\/de\/wp-json\/wp\/v2\/pages\/945","targetHints":{"allow":["GET"]}}],"collection":[{"href":"https:\/\/redsealiveaboard.com\/de\/wp-json\/wp\/v2\/pages"}],"about":[{"href":"https:\/\/redsealiveaboard.com\/de\/wp-json\/wp\/v2\/types\/page"}],"author":[{"embeddable":true,"href":"https:\/\/redsealiveaboard.com\/de\/wp-json\/wp\/v2\/users\/150751607"}],"replies":[{"embeddable":true,"href":"https:\/\/redsealiveaboard.com\/de\/wp-json\/wp\/v2\/comments?post=945"}],"version-history":[{"count":5,"href":"https:\/\/redsealiveaboard.com\/de\/wp-json\/wp\/v2\/pages\/945\/revisions"}],"predecessor-version":[{"id":1124,"href":"https:\/\/redsealiveaboard.com\/de\/wp-json\/wp\/v2\/pages\/945\/revisions\/1124"}],"up":[{"embeddable":true,"href":"https:\/\/redsealiveaboard.com\/de\/wp-json\/wp\/v2\/pages\/923"}],"wp:featuredmedia":[{"embeddable":true,"href":"https:\/\/redsealiveaboard.com\/de\/wp-json\/wp\/v2\/media\/766"}],"wp:attachment":[{"href":"https:\/\/redsealiveaboard.com\/de\/wp-json\/wp\/v2\/media?parent=945"}],"curies":[{"name":"wp","href":"https:\/\/api.w.org\/{rel}","templated":true}]}}